{"id":1002,"date":"2019-10-08T08:34:58","date_gmt":"2019-10-08T06:34:58","guid":{"rendered":"https:\/\/www.ecofishing.com.hr\/about-us\/"},"modified":"2023-03-17T17:04:46","modified_gmt":"2023-03-17T16:04:46","slug":"about-us","status":"publish","type":"page","link":"https:\/\/www.ecofishing.com.hr\/hr\/about-us\/","title":{"rendered":"O nama"},"content":{"rendered":"\t\t<div data-elementor-type=\"wp-page\" data-elementor-id=\"1002\" class=\"elementor elementor-1002\">\n\t\t\t\t\t\t<div class=\"elementor-inner\">\n\t\t\t\t<div class=\"elementor-section-wrap\">\n\t\t\t\t\t\t\t\t\t<section class=\"elementor-section elementor-top-section elementor-element elementor-element-8c0746f elementor-reverse-mobile elementor-section-boxed elementor-section-height-default elementor-section-height-default\" data-id=\"8c0746f\" data-element_type=\"section\" data-settings=\"{&quot;background_background&quot;:&quot;classic&quot;}\">\n\t\t\t\t\t\t<div class=\"elementor-container elementor-column-gap-no\">\n\t\t\t\t\t\t\t<div class=\"elementor-row\">\n\t\t\t\t\t<div class=\"aux-parallax-section elementor-column elementor-col-50 elementor-top-column elementor-element elementor-element-ffbc8d2\" data-id=\"ffbc8d2\" data-element_type=\"column\">\n\t\t\t<div class=\"elementor-column-wrap elementor-element-populated\">\n\t\t\t\t\t\t\t<div class=\"elementor-widget-wrap\">\n\t\t\t\t\t\t<div class=\"elementor-element elementor-element-408a143 aux-appear-watch-animation aux-fade-in-up elementor-widget elementor-widget-aux_modern_heading\" data-id=\"408a143\" data-element_type=\"widget\" data-widget_type=\"aux_modern_heading.default\">\n\t\t\t\t<div class=\"elementor-widget-container\">\n\t\t\t<section class=\"aux-widget-modern-heading\">\n            <div class=\"aux-widget-inner\"><h5 class=\"aux-modern-heading-primary\"><\/h5><p class=\"aux-modern-heading-secondary\"><span class=\"aux-head-before\">Dragi gosti,<\/span><\/p><div class=\"aux-modern-heading-description\"><p>\u010dast nam je obavijestiti Vas da smo na podru\u010dju op\u0107ine Primo\u0161ten pokrenuli novi oblik turisti\u010dke ponude tj. turisti\u010dko ekolo\u0161ko ko\u0107arenje.<\/p><p>Naime, cilj nam je upoznati turiste sa na\u010dinom tradicionalnog ribolova (ko\u0107arenja) gdje bi tim istim gostima bio ponu\u0111en novi oblik aktivnog odmora, odnosno bili bi i sami sudionici ribarenja.<\/p><p>Za tu priliku izvr\u0161ili smo temeljitu rekonstrukciju R\/B JADRAN TRI da bi kao klasi\u010dna ko\u0107a bio u stanju prihvatiti putnike. Brod je du\u017eine 21,85m, \u0161irine 6m i gaza 2,8m. Smje\u0161tajni kapacitet na plovilu sveden je samo na trideset i sedam putnika da bi ugo\u0111aj i do\u017eivljaj samog ribarenja svakom gostu osobno bio omogu\u0107en. Posadu broda \u010dine \u010detvero profesionalnih ribara koji stoje na raspolaganju svakom gostu.<\/p><p>Predznak \u201eekolo\u0161ki\u201c rezultat je programa poticanja zelenog poduzetni\u0161tva koji je pokrenut unutar Projekta COAST UNDP-a i suradnje s razvojnim agencijama \u010detiriju dalmatinskih \u017eupanija.<\/p><\/div><\/div>\n        <\/section>\t\t<\/div>\n\t\t\t\t<\/div>\n\t\t\t\t\t\t<\/div>\n\t\t\t\t\t<\/div>\n\t\t<\/div>\n\t\t\t\t<div class=\"aux-parallax-section elementor-column elementor-col-50 elementor-top-column elementor-element elementor-element-0dec039\" data-id=\"0dec039\" data-element_type=\"column\">\n\t\t\t<div class=\"elementor-column-wrap elementor-element-populated\">\n\t\t\t\t\t\t\t<div class=\"elementor-widget-wrap\">\n\t\t\t\t\t\t<div class=\"aux-scroll-anim elementor-element elementor-element-8863901 elementor-widget elementor-widget-aux_image\" data-move-in=\"\" data-move-out=\"fadeRight\" data-axis-x=\"50\" data-axis-y=\"200\" data-rotate=\"90\" data-scale=\"1\" data-vp-top=\"0.5\" data-vp-bot=\"0.5\" data-el-top=\"0.8\" data-scroll-animation-off=\"1024\" data-id=\"8863901\" data-element_type=\"widget\" data-widget_type=\"aux_image.default\">\n\t\t\t\t<div class=\"elementor-widget-container\">\n\t\t\t<section class=\"widget-container aux-widget-image aux-alignnone aux-parent-auf16fcc9b\">\n    <div class=\"aux-media-hint-frame \">\n        <div class=\"aux-media-image \" >\n        \n            \n\n            \n            <img loading=\"lazy\" width=\"700\" height=\"813\" src=\"image\/gif;base64,R0lGODlhAQABAIAAAAAAAP\/\/\/yH5BAEAAAAALAAAAAABAAEAAAIBRAA7\" class=\"aux-attachment aux-featured-image aux-attachment-id-846 aux-preload aux-blank\" alt=\"about-us\" data-ratio=\"0.86\" data-original-w=\"700\" data-src=\"https:\/\/www.ecofishing.com.hr\/wp-content\/uploads\/2023\/03\/about-us.webp\" \/>            \n                <\/div>\n    <\/div>\n\n<\/section><!-- widget-container -->\t\t<\/div>\n\t\t\t\t<\/div>\n\t\t\t\t\t\t<\/div>\n\t\t\t\t\t<\/div>\n\t\t<\/div>\n\t\t\t\t\t\t\t\t<\/div>\n\t\t\t\t\t<\/div>\n\t\t<\/section>\n\t\t\t\t<section class=\"elementor-section elementor-top-section elementor-element elementor-element-ac23eb2 elementor-section-boxed elementor-section-height-default elementor-section-height-default\" data-id=\"ac23eb2\" data-element_type=\"section\">\n\t\t\t\t\t\t<div class=\"elementor-container elementor-column-gap-no\">\n\t\t\t\t\t\t\t<div class=\"elementor-row\">\n\t\t\t\t\t<div class=\"aux-parallax-section elementor-column elementor-col-100 elementor-top-column elementor-element elementor-element-01216a3\" data-id=\"01216a3\" data-element_type=\"column\">\n\t\t\t<div class=\"elementor-column-wrap elementor-element-populated\">\n\t\t\t\t\t\t\t<div class=\"elementor-widget-wrap\">\n\t\t\t\t\t\t<div class=\"elementor-element elementor-element-8e0fc35 aux-appear-watch-animation aux-fade-in-up elementor-widget elementor-widget-aux_modern_heading\" data-id=\"8e0fc35\" data-element_type=\"widget\" data-widget_type=\"aux_modern_heading.default\">\n\t\t\t\t<div class=\"elementor-widget-container\">\n\t\t\t<section class=\"aux-widget-modern-heading\">\n            <div class=\"aux-widget-inner\"><h5 class=\"aux-modern-heading-primary\"><\/h5><div class=\"aux-modern-heading-description\"><p>Tako da plovilo JADRAN TRI posjeduje certifikat koji dokazuje vrijednost projekta za bio raznolikost, odr\u017eivi zeleni razvoj dalmatinske obale te doprinosi razvoju lokalne zajednice pod pokroviteljstvom svjetske organizacije Programa Ujedinjenih naroda za razvoj (UNDP) i Globalni fond za okoli\u0161 (GEF). Naime, kao rezultat ovog projekta vlasnik se obavezuje da \u0107e ribolov koristiti u svrhu demonstracije istog, a ne u komercijalni izlov. Tako\u0111er, prilikom izvla\u010denja mre\u017ee prikupljat \u0107e se odba\u010deni predmeti (plastika, staklo...) koji \u0107e biti predani komunalnom poduze\u0107u na daljnju recikla\u017eu otpada.<\/p><p>Potrebno je naglasiti o bogatoj gastronomskoj ponudi gdje \u0107e netom uhva\u0107ena riba biti pripremana na razli\u010dite na\u010dine u neograni\u010denim koli\u010dinama. Tako\u0111er, osobe koje ne jedu ribu bit \u0107e im ponu\u0111eno mesno jelo. Uz glavno jelo u cijenu izleta uklju\u010deno je i 0.5l pi\u0107a po osobi, te svje\u017ea salata. Prilikom uplovljavanja u sidri\u0161te postoji mogu\u0107nost susreta sa jadranskim dupinima koji su uvijek spremni na razne akrobacije!<\/p><\/div><\/div>\n        <\/section>\t\t<\/div>\n\t\t\t\t<\/div>\n\t\t\t\t\t\t<\/div>\n\t\t\t\t\t<\/div>\n\t\t<\/div>\n\t\t\t\t\t\t\t\t<\/div>\n\t\t\t\t\t<\/div>\n\t\t<\/section>\n\t\t\t\t<section class=\"elementor-section elementor-top-section elementor-element elementor-element-11289f0 elementor-section-boxed elementor-section-height-default elementor-section-height-default\" data-id=\"11289f0\" data-element_type=\"section\">\n\t\t\t\t\t\t<div class=\"elementor-container elementor-column-gap-default\">\n\t\t\t\t\t\t\t<div class=\"elementor-row\">\n\t\t\t\t\t<div class=\"aux-parallax-section elementor-column elementor-col-100 elementor-top-column elementor-element elementor-element-5b0abe2\" data-id=\"5b0abe2\" data-element_type=\"column\">\n\t\t\t<div class=\"elementor-column-wrap\">\n\t\t\t\t\t\t\t<div class=\"elementor-widget-wrap\">\n\t\t\t\t\t\t\t\t<\/div>\n\t\t\t\t\t<\/div>\n\t\t<\/div>\n\t\t\t\t\t\t\t\t<\/div>\n\t\t\t\t\t<\/div>\n\t\t<\/section>\n\t\t\t\t\t\t\t\t\t<\/div>\n\t\t\t<\/div>\n\t\t\t\t\t<\/div>\n\t\t","protected":false},"excerpt":{"rendered":"<p>Dragi gosti, \u010dast nam je obavijestiti Vas da smo na podru\u010dju op\u0107ine Primo\u0161ten pokrenuli novi oblik turisti\u010dke ponude tj. turisti\u010dko ekolo\u0161ko ko\u0107arenje. Naime, cilj nam je upoznati turiste sa na\u010dinom tradicionalnog ribolova (ko\u0107arenja) gdje bi tim istim gostima bio ponu\u0111en novi oblik aktivnog odmora, odnosno bili bi i sami sudionici ribarenja. Za tu priliku izvr\u0161ili [&hellip;]<\/p>\n","protected":false},"author":1,"featured_media":0,"parent":0,"menu_order":0,"comment_status":"closed","ping_status":"closed","template":"templates\/page-builder-content.php","meta":{"inline_featured_image":false},"yoast_head":"<!-- This site is optimized with the Yoast SEO plugin v19.13 - https:\/\/yoast.com\/wordpress\/plugins\/seo\/ -->\n<title>O nama - Eco Fishing - Pedi\u0161i\u0107 d.o.o.<\/title>\n<meta name=\"robots\" content=\"index, follow, max-snippet:-1, max-image-preview:large, max-video-preview:-1\" \/>\n<link rel=\"canonical\" href=\"https:\/\/www.ecofishing.com.hr\/hr\/about-us\/\" \/>\n<meta property=\"og:locale\" content=\"hr_HR\" \/>\n<meta property=\"og:type\" content=\"article\" \/>\n<meta property=\"og:title\" content=\"O nama - Eco Fishing - Pedi\u0161i\u0107 d.o.o.\" \/>\n<meta property=\"og:description\" content=\"Dragi gosti, \u010dast nam je obavijestiti Vas da smo na podru\u010dju op\u0107ine Primo\u0161ten pokrenuli novi oblik turisti\u010dke ponude tj. turisti\u010dko ekolo\u0161ko ko\u0107arenje. Naime, cilj nam je upoznati turiste sa na\u010dinom tradicionalnog ribolova (ko\u0107arenja) gdje bi tim istim gostima bio ponu\u0111en novi oblik aktivnog odmora, odnosno bili bi i sami sudionici ribarenja. Za tu priliku izvr\u0161ili [&hellip;]\" \/>\n<meta property=\"og:url\" content=\"https:\/\/www.ecofishing.com.hr\/hr\/about-us\/\" \/>\n<meta property=\"og:site_name\" content=\"Eco Fishing - Pedi\u0161i\u0107 d.o.o.\" \/>\n<meta property=\"article:modified_time\" content=\"2023-03-17T16:04:46+00:00\" \/>\n<meta property=\"og:image\" content=\"https:\/\/www.ecofishing.com.hr\/wp-content\/uploads\/2023\/03\/about-us.webp\" \/>\n\t<meta property=\"og:image:width\" content=\"700\" \/>\n\t<meta property=\"og:image:height\" content=\"813\" \/>\n\t<meta property=\"og:image:type\" content=\"image\/webp\" \/>\n<meta name=\"twitter:card\" content=\"summary_large_image\" \/>\n<meta name=\"twitter:label1\" content=\"Procijenjeno vrijeme \u010ditanja\" \/>\n\t<meta name=\"twitter:data1\" content=\"2 minute\" \/>\n<script type=\"application\/ld+json\" class=\"yoast-schema-graph\">{\"@context\":\"https:\/\/schema.org\",\"@graph\":[{\"@type\":\"WebPage\",\"@id\":\"https:\/\/www.ecofishing.com.hr\/hr\/about-us\/\",\"url\":\"https:\/\/www.ecofishing.com.hr\/hr\/about-us\/\",\"name\":\"O nama - Eco Fishing - Pedi\u0161i\u0107 d.o.o.\",\"isPartOf\":{\"@id\":\"https:\/\/www.ecofishing.com.hr\/#website\"},\"datePublished\":\"2019-10-08T06:34:58+00:00\",\"dateModified\":\"2023-03-17T16:04:46+00:00\",\"breadcrumb\":{\"@id\":\"https:\/\/www.ecofishing.com.hr\/hr\/about-us\/#breadcrumb\"},\"inLanguage\":\"hr\",\"potentialAction\":[{\"@type\":\"ReadAction\",\"target\":[\"https:\/\/www.ecofishing.com.hr\/hr\/about-us\/\"]}]},{\"@type\":\"BreadcrumbList\",\"@id\":\"https:\/\/www.ecofishing.com.hr\/hr\/about-us\/#breadcrumb\",\"itemListElement\":[{\"@type\":\"ListItem\",\"position\":1,\"name\":\"Home\",\"item\":\"https:\/\/www.ecofishing.com.hr\/hr\/\"},{\"@type\":\"ListItem\",\"position\":2,\"name\":\"O nama\"}]},{\"@type\":\"WebSite\",\"@id\":\"https:\/\/www.ecofishing.com.hr\/#website\",\"url\":\"https:\/\/www.ecofishing.com.hr\/\",\"name\":\"Eco Fishing\",\"description\":\"\",\"publisher\":{\"@id\":\"https:\/\/www.ecofishing.com.hr\/#organization\"},\"potentialAction\":[{\"@type\":\"SearchAction\",\"target\":{\"@type\":\"EntryPoint\",\"urlTemplate\":\"https:\/\/www.ecofishing.com.hr\/?s={search_term_string}\"},\"query-input\":\"required name=search_term_string\"}],\"inLanguage\":\"hr\"},{\"@type\":\"Organization\",\"@id\":\"https:\/\/www.ecofishing.com.hr\/#organization\",\"name\":\"Pedi\u0161i\u0107 d.o.o.\",\"url\":\"https:\/\/www.ecofishing.com.hr\/\",\"logo\":{\"@type\":\"ImageObject\",\"inLanguage\":\"hr\",\"@id\":\"https:\/\/www.ecofishing.com.hr\/#\/schema\/logo\/image\/\",\"url\":\"https:\/\/www.ecofishing.com.hr\/wp-content\/uploads\/2023\/03\/logo2.svg\",\"contentUrl\":\"https:\/\/www.ecofishing.com.hr\/wp-content\/uploads\/2023\/03\/logo2.svg\",\"width\":53,\"height\":9,\"caption\":\"Pedi\u0161i\u0107 d.o.o.\"},\"image\":{\"@id\":\"https:\/\/www.ecofishing.com.hr\/#\/schema\/logo\/image\/\"}}]}<\/script>\n<!-- \/ Yoast SEO plugin. -->","yoast_head_json":{"title":"O nama - Eco Fishing - Pedi\u0161i\u0107 d.o.o.","robots":{"index":"index","follow":"follow","max-snippet":"max-snippet:-1","max-image-preview":"max-image-preview:large","max-video-preview":"max-video-preview:-1"},"canonical":"https:\/\/www.ecofishing.com.hr\/hr\/about-us\/","og_locale":"hr_HR","og_type":"article","og_title":"O nama - Eco Fishing - Pedi\u0161i\u0107 d.o.o.","og_description":"Dragi gosti, \u010dast nam je obavijestiti Vas da smo na podru\u010dju op\u0107ine Primo\u0161ten pokrenuli novi oblik turisti\u010dke ponude tj. turisti\u010dko ekolo\u0161ko ko\u0107arenje. Naime, cilj nam je upoznati turiste sa na\u010dinom tradicionalnog ribolova (ko\u0107arenja) gdje bi tim istim gostima bio ponu\u0111en novi oblik aktivnog odmora, odnosno bili bi i sami sudionici ribarenja. Za tu priliku izvr\u0161ili [&hellip;]","og_url":"https:\/\/www.ecofishing.com.hr\/hr\/about-us\/","og_site_name":"Eco Fishing - Pedi\u0161i\u0107 d.o.o.","article_modified_time":"2023-03-17T16:04:46+00:00","og_image":[{"width":700,"height":813,"url":"https:\/\/www.ecofishing.com.hr\/wp-content\/uploads\/2023\/03\/about-us.webp","type":"image\/webp"}],"twitter_card":"summary_large_image","twitter_misc":{"Procijenjeno vrijeme \u010ditanja":"2 minute"},"schema":{"@context":"https:\/\/schema.org","@graph":[{"@type":"WebPage","@id":"https:\/\/www.ecofishing.com.hr\/hr\/about-us\/","url":"https:\/\/www.ecofishing.com.hr\/hr\/about-us\/","name":"O nama - Eco Fishing - Pedi\u0161i\u0107 d.o.o.","isPartOf":{"@id":"https:\/\/www.ecofishing.com.hr\/#website"},"datePublished":"2019-10-08T06:34:58+00:00","dateModified":"2023-03-17T16:04:46+00:00","breadcrumb":{"@id":"https:\/\/www.ecofishing.com.hr\/hr\/about-us\/#breadcrumb"},"inLanguage":"hr","potentialAction":[{"@type":"ReadAction","target":["https:\/\/www.ecofishing.com.hr\/hr\/about-us\/"]}]},{"@type":"BreadcrumbList","@id":"https:\/\/www.ecofishing.com.hr\/hr\/about-us\/#breadcrumb","itemListElement":[{"@type":"ListItem","position":1,"name":"Home","item":"https:\/\/www.ecofishing.com.hr\/hr\/"},{"@type":"ListItem","position":2,"name":"O nama"}]},{"@type":"WebSite","@id":"https:\/\/www.ecofishing.com.hr\/#website","url":"https:\/\/www.ecofishing.com.hr\/","name":"Eco Fishing","description":"","publisher":{"@id":"https:\/\/www.ecofishing.com.hr\/#organization"},"potentialAction":[{"@type":"SearchAction","target":{"@type":"EntryPoint","urlTemplate":"https:\/\/www.ecofishing.com.hr\/?s={search_term_string}"},"query-input":"required name=search_term_string"}],"inLanguage":"hr"},{"@type":"Organization","@id":"https:\/\/www.ecofishing.com.hr\/#organization","name":"Pedi\u0161i\u0107 d.o.o.","url":"https:\/\/www.ecofishing.com.hr\/","logo":{"@type":"ImageObject","inLanguage":"hr","@id":"https:\/\/www.ecofishing.com.hr\/#\/schema\/logo\/image\/","url":"https:\/\/www.ecofishing.com.hr\/wp-content\/uploads\/2023\/03\/logo2.svg","contentUrl":"https:\/\/www.ecofishing.com.hr\/wp-content\/uploads\/2023\/03\/logo2.svg","width":53,"height":9,"caption":"Pedi\u0161i\u0107 d.o.o."},"image":{"@id":"https:\/\/www.ecofishing.com.hr\/#\/schema\/logo\/image\/"}}]}},"_links":{"self":[{"href":"https:\/\/www.ecofishing.com.hr\/hr\/wp-json\/wp\/v2\/pages\/1002"}],"collection":[{"href":"https:\/\/www.ecofishing.com.hr\/hr\/wp-json\/wp\/v2\/pages"}],"about":[{"href":"https:\/\/www.ecofishing.com.hr\/hr\/wp-json\/wp\/v2\/types\/page"}],"author":[{"embeddable":true,"href":"https:\/\/www.ecofishing.com.hr\/hr\/wp-json\/wp\/v2\/users\/1"}],"replies":[{"embeddable":true,"href":"https:\/\/www.ecofishing.com.hr\/hr\/wp-json\/wp\/v2\/comments?post=1002"}],"version-history":[{"count":0,"href":"https:\/\/www.ecofishing.com.hr\/hr\/wp-json\/wp\/v2\/pages\/1002\/revisions"}],"wp:attachment":[{"href":"https:\/\/www.ecofishing.com.hr\/hr\/wp-json\/wp\/v2\/media?parent=1002"}],"curies":[{"name":"wp","href":"https:\/\/api.w.org\/{rel}","templated":true}]}}