{"id":1008,"date":"2023-03-09T23:45:49","date_gmt":"2023-03-09T22:45:49","guid":{"rendered":"https:\/\/www.ecofishing.com.hr\/excursion\/"},"modified":"2023-03-17T17:09:21","modified_gmt":"2023-03-17T16:09:21","slug":"excursion","status":"publish","type":"page","link":"https:\/\/www.ecofishing.com.hr\/hr\/excursion\/","title":{"rendered":"Izleti"},"content":{"rendered":"\t\t<div data-elementor-type=\"wp-page\" data-elementor-id=\"1008\" class=\"elementor elementor-1008\">\n\t\t\t\t\t\t<div class=\"elementor-inner\">\n\t\t\t\t<div class=\"elementor-section-wrap\">\n\t\t\t\t\t\t\t\t\t<section class=\"elementor-section elementor-top-section elementor-element elementor-element-b61d483 elementor-section-boxed elementor-section-height-default elementor-section-height-default\" data-id=\"b61d483\" data-element_type=\"section\">\n\t\t\t\t\t\t<div class=\"elementor-container elementor-column-gap-no\">\n\t\t\t\t\t\t\t<div class=\"elementor-row\">\n\t\t\t\t\t<div class=\"aux-parallax-section elementor-column elementor-col-100 elementor-top-column elementor-element elementor-element-511424e\" data-id=\"511424e\" data-element_type=\"column\">\n\t\t\t<div class=\"elementor-column-wrap elementor-element-populated\">\n\t\t\t\t\t\t\t<div class=\"elementor-widget-wrap\">\n\t\t\t\t\t\t<div class=\"elementor-element elementor-element-998f12f aux-appear-watch-animation aux-fade-in-up elementor-widget elementor-widget-aux_modern_heading\" data-id=\"998f12f\" data-element_type=\"widget\" data-widget_type=\"aux_modern_heading.default\">\n\t\t\t\t<div class=\"elementor-widget-container\">\n\t\t\t<section class=\"aux-widget-modern-heading\">\n            <div class=\"aux-widget-inner\"><h5 class=\"aux-modern-heading-primary\">Plan izleta<\/h5><\/div>\n        <\/section>\t\t<\/div>\n\t\t\t\t<\/div>\n\t\t\t\t\t\t<\/div>\n\t\t\t\t\t<\/div>\n\t\t<\/div>\n\t\t\t\t\t\t\t\t<\/div>\n\t\t\t\t\t<\/div>\n\t\t<\/section>\n\t\t\t\t<section class=\"elementor-section elementor-top-section elementor-element elementor-element-3f06ffae elementor-section-height-min-height elementor-section-items-top elementor-section-boxed elementor-section-height-default\" data-id=\"3f06ffae\" data-element_type=\"section\" data-settings=\"{&quot;background_background&quot;:&quot;classic&quot;}\">\n\t\t\t\t\t\t\t<div class=\"elementor-background-overlay\"><\/div>\n\t\t\t\t\t\t\t<div class=\"elementor-container elementor-column-gap-no\">\n\t\t\t\t\t\t\t<div class=\"elementor-row\">\n\t\t\t\t\t<div class=\"aux-parallax-section elementor-column elementor-col-100 elementor-top-column elementor-element elementor-element-228a5d84\" data-id=\"228a5d84\" data-element_type=\"column\">\n\t\t\t<div class=\"elementor-column-wrap elementor-element-populated\">\n\t\t\t\t\t\t\t<div class=\"elementor-widget-wrap\">\n\t\t\t\t\t\t<div class=\"elementor-element elementor-element-2c9c63ad aux-appear-watch-animation aux-fade-in-up elementor-widget elementor-widget-aux_modern_heading\" data-id=\"2c9c63ad\" data-element_type=\"widget\" data-widget_type=\"aux_modern_heading.default\">\n\t\t\t\t<div class=\"elementor-widget-container\">\n\t\t\t<section class=\"aux-widget-modern-heading\">\n            <div class=\"aux-widget-inner\"><h5 class=\"aux-modern-heading-primary\"><\/h5><h3 class=\"aux-modern-heading-secondary\"><span class=\"aux-head-highlight\">09:00 \u2013 ISPLOVLJENJE IZ LUKE<\/span><\/h3><div class=\"aux-modern-heading-description\"><p>Upoznavanje gostiju sa plovilom.<br \/>Poslu\u017eivanje fritula i pi\u0107a dobrodo\u0161lice.<br \/>Kartografska prezentacija ribolova.<\/p><\/div><\/div>\n        <\/section>\t\t<\/div>\n\t\t\t\t<\/div>\n\t\t\t\t<div class=\"elementor-element elementor-element-91d834d aux-appear-watch-animation aux-fade-in-up elementor-widget elementor-widget-aux_modern_heading\" data-id=\"91d834d\" data-element_type=\"widget\" data-widget_type=\"aux_modern_heading.default\">\n\t\t\t\t<div class=\"elementor-widget-container\">\n\t\t\t<section class=\"aux-widget-modern-heading\">\n            <div class=\"aux-widget-inner\"><h5 class=\"aux-modern-heading-primary\"><\/h5><h3 class=\"aux-modern-heading-secondary\"><span class=\"aux-head-highlight\">10:00 \u2013 PO\u010cETAK RIBOLOVA<\/span><\/h3><div class=\"aux-modern-heading-description\"><p>Demonstracija bacanja mre\u017ee.<br \/>Poslu\u017eivanje slanih i mariniranih in\u0107una.<br \/>Poja\u0161njavanje gostima o njihovoj ulozi u procesu ribarenja.<\/p><\/div><\/div>\n        <\/section>\t\t<\/div>\n\t\t\t\t<\/div>\n\t\t\t\t<div class=\"elementor-element elementor-element-620ae3d aux-appear-watch-animation aux-fade-in-up elementor-widget elementor-widget-aux_modern_heading\" data-id=\"620ae3d\" data-element_type=\"widget\" data-widget_type=\"aux_modern_heading.default\">\n\t\t\t\t<div class=\"elementor-widget-container\">\n\t\t\t<section class=\"aux-widget-modern-heading\">\n            <div class=\"aux-widget-inner\"><h5 class=\"aux-modern-heading-primary\"><\/h5><h3 class=\"aux-modern-heading-secondary\"><span class=\"aux-head-highlight\">12:00 \u2013 IZVLA\u010cENJE MRE\u017dE<\/span><\/h3><div class=\"aux-modern-heading-description\"><p>Zajedni\u010dko sortiranje ribe.<br \/>\u010ci\u0161\u0107enje ulovljene ribe.<br \/>Spremanje za jelo uhva\u0107ene ribe.<\/p><\/div><\/div>\n        <\/section>\t\t<\/div>\n\t\t\t\t<\/div>\n\t\t\t\t<div class=\"elementor-element elementor-element-c5dc027 aux-appear-watch-animation aux-fade-in-up elementor-widget elementor-widget-aux_modern_heading\" data-id=\"c5dc027\" data-element_type=\"widget\" data-widget_type=\"aux_modern_heading.default\">\n\t\t\t\t<div class=\"elementor-widget-container\">\n\t\t\t<section class=\"aux-widget-modern-heading\">\n            <div class=\"aux-widget-inner\"><h5 class=\"aux-modern-heading-primary\"><\/h5><h3 class=\"aux-modern-heading-secondary\"><span class=\"aux-head-highlight\">13:30 \u2013 UPLOVLJENJE U SIDRI\u0160TE <\/span><\/h3><div class=\"aux-modern-heading-description\"><p>Degustacija raznih vrsta riba.<br \/>Kupanje u za\u0161ti\u0107enoj uvali.<\/p><\/div><\/div>\n        <\/section>\t\t<\/div>\n\t\t\t\t<\/div>\n\t\t\t\t<div class=\"elementor-element elementor-element-4ecdb40 aux-appear-watch-animation aux-fade-in-up elementor-widget elementor-widget-aux_modern_heading\" data-id=\"4ecdb40\" data-element_type=\"widget\" data-widget_type=\"aux_modern_heading.default\">\n\t\t\t\t<div class=\"elementor-widget-container\">\n\t\t\t<section class=\"aux-widget-modern-heading\">\n            <div class=\"aux-widget-inner\"><h5 class=\"aux-modern-heading-primary\"><\/h5><h3 class=\"aux-modern-heading-secondary\"><span class=\"aux-head-highlight\">15:30 \u2013 ISPLOVLJENJE SA SIDRI\u0160TA<\/span><\/h3><div class=\"aux-modern-heading-description\"><p>Razgledavanje obale.<\/p><\/div><\/div>\n        <\/section>\t\t<\/div>\n\t\t\t\t<\/div>\n\t\t\t\t<div class=\"elementor-element elementor-element-d62b565 aux-appear-watch-animation aux-fade-in-up elementor-widget elementor-widget-aux_modern_heading\" data-id=\"d62b565\" data-element_type=\"widget\" data-widget_type=\"aux_modern_heading.default\">\n\t\t\t\t<div class=\"elementor-widget-container\">\n\t\t\t<section class=\"aux-widget-modern-heading\">\n            <div class=\"aux-widget-inner\"><h5 class=\"aux-modern-heading-primary\"><\/h5><h3 class=\"aux-modern-heading-secondary\"><span class=\"aux-head-highlight\">17:00 \u2013 UPLOVLJENJE U LUKU<\/span><\/h3><\/div>\n        <\/section>\t\t<\/div>\n\t\t\t\t<\/div>\n\t\t\t\t<div class=\"elementor-element elementor-element-7e80391 elementor-widget elementor-widget-spacer\" data-id=\"7e80391\" data-element_type=\"widget\" data-widget_type=\"spacer.default\">\n\t\t\t\t<div class=\"elementor-widget-container\">\n\t\t\t\t\t<div class=\"elementor-spacer\">\n\t\t\t<div class=\"elementor-spacer-inner\"><\/div>\n\t\t<\/div>\n\t\t\t\t<\/div>\n\t\t\t\t<\/div>\n\t\t\t\t\t\t<\/div>\n\t\t\t\t\t<\/div>\n\t\t<\/div>\n\t\t\t\t\t\t\t\t<\/div>\n\t\t\t\t\t<\/div>\n\t\t<\/section>\n\t\t\t\t\t\t\t\t\t<\/div>\n\t\t\t<\/div>\n\t\t\t\t\t<\/div>\n\t\t","protected":false},"excerpt":{"rendered":"<p>Plan izleta 09:00 \u2013 ISPLOVLJENJE IZ LUKE Upoznavanje gostiju sa plovilom.Poslu\u017eivanje fritula i pi\u0107a dobrodo\u0161lice.Kartografska prezentacija ribolova. 10:00 \u2013 PO\u010cETAK RIBOLOVA Demonstracija bacanja mre\u017ee.Poslu\u017eivanje slanih i mariniranih in\u0107una.Poja\u0161njavanje gostima o njihovoj ulozi u procesu ribarenja. 12:00 \u2013 IZVLA\u010cENJE MRE\u017dE Zajedni\u010dko sortiranje ribe.\u010ci\u0161\u0107enje ulovljene ribe.Spremanje za jelo uhva\u0107ene ribe. 13:30 \u2013 UPLOVLJENJE U SIDRI\u0160TE Degustacija raznih [&hellip;]<\/p>\n","protected":false},"author":1,"featured_media":0,"parent":0,"menu_order":0,"comment_status":"closed","ping_status":"closed","template":"","meta":{"inline_featured_image":false},"yoast_head":"<!-- This site is optimized with the Yoast SEO plugin v19.13 - https:\/\/yoast.com\/wordpress\/plugins\/seo\/ -->\n<title>Izleti - Eco Fishing - Pedi\u0161i\u0107 d.o.o.<\/title>\n<meta name=\"robots\" content=\"index, follow, max-snippet:-1, max-image-preview:large, max-video-preview:-1\" \/>\n<link rel=\"canonical\" href=\"https:\/\/www.ecofishing.com.hr\/hr\/excursion\/\" \/>\n<meta property=\"og:locale\" content=\"hr_HR\" \/>\n<meta property=\"og:type\" content=\"article\" \/>\n<meta property=\"og:title\" content=\"Izleti - Eco Fishing - Pedi\u0161i\u0107 d.o.o.\" \/>\n<meta property=\"og:description\" content=\"Plan izleta 09:00 \u2013 ISPLOVLJENJE IZ LUKE Upoznavanje gostiju sa plovilom.Poslu\u017eivanje fritula i pi\u0107a dobrodo\u0161lice.Kartografska prezentacija ribolova. 10:00 \u2013 PO\u010cETAK RIBOLOVA Demonstracija bacanja mre\u017ee.Poslu\u017eivanje slanih i mariniranih in\u0107una.Poja\u0161njavanje gostima o njihovoj ulozi u procesu ribarenja. 12:00 \u2013 IZVLA\u010cENJE MRE\u017dE Zajedni\u010dko sortiranje ribe.\u010ci\u0161\u0107enje ulovljene ribe.Spremanje za jelo uhva\u0107ene ribe. 13:30 \u2013 UPLOVLJENJE U SIDRI\u0160TE Degustacija raznih [&hellip;]\" \/>\n<meta property=\"og:url\" content=\"https:\/\/www.ecofishing.com.hr\/hr\/excursion\/\" \/>\n<meta property=\"og:site_name\" content=\"Eco Fishing - Pedi\u0161i\u0107 d.o.o.\" \/>\n<meta property=\"article:modified_time\" content=\"2023-03-17T16:09:21+00:00\" \/>\n<meta property=\"og:image\" content=\"https:\/\/www.ecofishing.com.hr\/wp-content\/uploads\/2023\/03\/about-us.webp\" \/>\n\t<meta property=\"og:image:width\" content=\"700\" \/>\n\t<meta property=\"og:image:height\" content=\"813\" \/>\n\t<meta property=\"og:image:type\" content=\"image\/webp\" \/>\n<meta name=\"twitter:card\" content=\"summary_large_image\" \/>\n<script type=\"application\/ld+json\" class=\"yoast-schema-graph\">{\"@context\":\"https:\/\/schema.org\",\"@graph\":[{\"@type\":\"WebPage\",\"@id\":\"https:\/\/www.ecofishing.com.hr\/hr\/excursion\/\",\"url\":\"https:\/\/www.ecofishing.com.hr\/hr\/excursion\/\",\"name\":\"Izleti - Eco Fishing - Pedi\u0161i\u0107 d.o.o.\",\"isPartOf\":{\"@id\":\"https:\/\/www.ecofishing.com.hr\/#website\"},\"datePublished\":\"2023-03-09T22:45:49+00:00\",\"dateModified\":\"2023-03-17T16:09:21+00:00\",\"breadcrumb\":{\"@id\":\"https:\/\/www.ecofishing.com.hr\/hr\/excursion\/#breadcrumb\"},\"inLanguage\":\"hr\",\"potentialAction\":[{\"@type\":\"ReadAction\",\"target\":[\"https:\/\/www.ecofishing.com.hr\/hr\/excursion\/\"]}]},{\"@type\":\"BreadcrumbList\",\"@id\":\"https:\/\/www.ecofishing.com.hr\/hr\/excursion\/#breadcrumb\",\"itemListElement\":[{\"@type\":\"ListItem\",\"position\":1,\"name\":\"Home\",\"item\":\"https:\/\/www.ecofishing.com.hr\/hr\/\"},{\"@type\":\"ListItem\",\"position\":2,\"name\":\"Izleti\"}]},{\"@type\":\"WebSite\",\"@id\":\"https:\/\/www.ecofishing.com.hr\/#website\",\"url\":\"https:\/\/www.ecofishing.com.hr\/\",\"name\":\"Eco Fishing\",\"description\":\"\",\"publisher\":{\"@id\":\"https:\/\/www.ecofishing.com.hr\/#organization\"},\"potentialAction\":[{\"@type\":\"SearchAction\",\"target\":{\"@type\":\"EntryPoint\",\"urlTemplate\":\"https:\/\/www.ecofishing.com.hr\/?s={search_term_string}\"},\"query-input\":\"required name=search_term_string\"}],\"inLanguage\":\"hr\"},{\"@type\":\"Organization\",\"@id\":\"https:\/\/www.ecofishing.com.hr\/#organization\",\"name\":\"Pedi\u0161i\u0107 d.o.o.\",\"url\":\"https:\/\/www.ecofishing.com.hr\/\",\"logo\":{\"@type\":\"ImageObject\",\"inLanguage\":\"hr\",\"@id\":\"https:\/\/www.ecofishing.com.hr\/#\/schema\/logo\/image\/\",\"url\":\"https:\/\/www.ecofishing.com.hr\/wp-content\/uploads\/2023\/03\/logo2.svg\",\"contentUrl\":\"https:\/\/www.ecofishing.com.hr\/wp-content\/uploads\/2023\/03\/logo2.svg\",\"width\":53,\"height\":9,\"caption\":\"Pedi\u0161i\u0107 d.o.o.\"},\"image\":{\"@id\":\"https:\/\/www.ecofishing.com.hr\/#\/schema\/logo\/image\/\"}}]}<\/script>\n<!-- \/ Yoast SEO plugin. -->","yoast_head_json":{"title":"Izleti - Eco Fishing - Pedi\u0161i\u0107 d.o.o.","robots":{"index":"index","follow":"follow","max-snippet":"max-snippet:-1","max-image-preview":"max-image-preview:large","max-video-preview":"max-video-preview:-1"},"canonical":"https:\/\/www.ecofishing.com.hr\/hr\/excursion\/","og_locale":"hr_HR","og_type":"article","og_title":"Izleti - Eco Fishing - Pedi\u0161i\u0107 d.o.o.","og_description":"Plan izleta 09:00 \u2013 ISPLOVLJENJE IZ LUKE Upoznavanje gostiju sa plovilom.Poslu\u017eivanje fritula i pi\u0107a dobrodo\u0161lice.Kartografska prezentacija ribolova. 10:00 \u2013 PO\u010cETAK RIBOLOVA Demonstracija bacanja mre\u017ee.Poslu\u017eivanje slanih i mariniranih in\u0107una.Poja\u0161njavanje gostima o njihovoj ulozi u procesu ribarenja. 12:00 \u2013 IZVLA\u010cENJE MRE\u017dE Zajedni\u010dko sortiranje ribe.\u010ci\u0161\u0107enje ulovljene ribe.Spremanje za jelo uhva\u0107ene ribe. 13:30 \u2013 UPLOVLJENJE U SIDRI\u0160TE Degustacija raznih [&hellip;]","og_url":"https:\/\/www.ecofishing.com.hr\/hr\/excursion\/","og_site_name":"Eco Fishing - Pedi\u0161i\u0107 d.o.o.","article_modified_time":"2023-03-17T16:09:21+00:00","og_image":[{"width":700,"height":813,"url":"https:\/\/www.ecofishing.com.hr\/wp-content\/uploads\/2023\/03\/about-us.webp","type":"image\/webp"}],"twitter_card":"summary_large_image","schema":{"@context":"https:\/\/schema.org","@graph":[{"@type":"WebPage","@id":"https:\/\/www.ecofishing.com.hr\/hr\/excursion\/","url":"https:\/\/www.ecofishing.com.hr\/hr\/excursion\/","name":"Izleti - Eco Fishing - Pedi\u0161i\u0107 d.o.o.","isPartOf":{"@id":"https:\/\/www.ecofishing.com.hr\/#website"},"datePublished":"2023-03-09T22:45:49+00:00","dateModified":"2023-03-17T16:09:21+00:00","breadcrumb":{"@id":"https:\/\/www.ecofishing.com.hr\/hr\/excursion\/#breadcrumb"},"inLanguage":"hr","potentialAction":[{"@type":"ReadAction","target":["https:\/\/www.ecofishing.com.hr\/hr\/excursion\/"]}]},{"@type":"BreadcrumbList","@id":"https:\/\/www.ecofishing.com.hr\/hr\/excursion\/#breadcrumb","itemListElement":[{"@type":"ListItem","position":1,"name":"Home","item":"https:\/\/www.ecofishing.com.hr\/hr\/"},{"@type":"ListItem","position":2,"name":"Izleti"}]},{"@type":"WebSite","@id":"https:\/\/www.ecofishing.com.hr\/#website","url":"https:\/\/www.ecofishing.com.hr\/","name":"Eco Fishing","description":"","publisher":{"@id":"https:\/\/www.ecofishing.com.hr\/#organization"},"potentialAction":[{"@type":"SearchAction","target":{"@type":"EntryPoint","urlTemplate":"https:\/\/www.ecofishing.com.hr\/?s={search_term_string}"},"query-input":"required name=search_term_string"}],"inLanguage":"hr"},{"@type":"Organization","@id":"https:\/\/www.ecofishing.com.hr\/#organization","name":"Pedi\u0161i\u0107 d.o.o.","url":"https:\/\/www.ecofishing.com.hr\/","logo":{"@type":"ImageObject","inLanguage":"hr","@id":"https:\/\/www.ecofishing.com.hr\/#\/schema\/logo\/image\/","url":"https:\/\/www.ecofishing.com.hr\/wp-content\/uploads\/2023\/03\/logo2.svg","contentUrl":"https:\/\/www.ecofishing.com.hr\/wp-content\/uploads\/2023\/03\/logo2.svg","width":53,"height":9,"caption":"Pedi\u0161i\u0107 d.o.o."},"image":{"@id":"https:\/\/www.ecofishing.com.hr\/#\/schema\/logo\/image\/"}}]}},"_links":{"self":[{"href":"https:\/\/www.ecofishing.com.hr\/hr\/wp-json\/wp\/v2\/pages\/1008"}],"collection":[{"href":"https:\/\/www.ecofishing.com.hr\/hr\/wp-json\/wp\/v2\/pages"}],"about":[{"href":"https:\/\/www.ecofishing.com.hr\/hr\/wp-json\/wp\/v2\/types\/page"}],"author":[{"embeddable":true,"href":"https:\/\/www.ecofishing.com.hr\/hr\/wp-json\/wp\/v2\/users\/1"}],"replies":[{"embeddable":true,"href":"https:\/\/www.ecofishing.com.hr\/hr\/wp-json\/wp\/v2\/comments?post=1008"}],"version-history":[{"count":0,"href":"https:\/\/www.ecofishing.com.hr\/hr\/wp-json\/wp\/v2\/pages\/1008\/revisions"}],"wp:attachment":[{"href":"https:\/\/www.ecofishing.com.hr\/hr\/wp-json\/wp\/v2\/media?parent=1008"}],"curies":[{"name":"wp","href":"https:\/\/api.w.org\/{rel}","templated":true}]}}