{"id":1018,"date":"2019-10-08T08:36:59","date_gmt":"2019-10-08T06:36:59","guid":{"rendered":"https:\/\/www.ecofishing.com.hr\/contact\/"},"modified":"2023-03-17T17:54:58","modified_gmt":"2023-03-17T16:54:58","slug":"contact","status":"publish","type":"page","link":"https:\/\/www.ecofishing.com.hr\/hr\/contact\/","title":{"rendered":"Kontakt"},"content":{"rendered":"\t\t<div data-elementor-type=\"wp-page\" data-elementor-id=\"1018\" class=\"elementor elementor-1018\">\n\t\t\t\t\t\t<div class=\"elementor-inner\">\n\t\t\t\t<div class=\"elementor-section-wrap\">\n\t\t\t\t\t\t\t\t\t<section class=\"elementor-section elementor-top-section elementor-element elementor-element-4e8dbe1 elementor-section-content-middle elementor-section-boxed elementor-section-height-default elementor-section-height-default\" data-id=\"4e8dbe1\" data-element_type=\"section\" data-settings=\"{&quot;background_background&quot;:&quot;classic&quot;}\">\n\t\t\t\t\t\t<div class=\"elementor-container elementor-column-gap-no\">\n\t\t\t\t\t\t\t<div class=\"elementor-row\">\n\t\t\t\t\t<div class=\"aux-parallax-section elementor-column elementor-col-50 elementor-top-column elementor-element elementor-element-7f43f09\" data-id=\"7f43f09\" data-element_type=\"column\">\n\t\t\t<div class=\"elementor-column-wrap elementor-element-populated\">\n\t\t\t\t\t\t\t<div class=\"elementor-widget-wrap\">\n\t\t\t\t\t\t<div class=\"elementor-element elementor-element-4445882 aux-appear-watch-animation aux-fade-in-up elementor-widget elementor-widget-aux_modern_heading\" data-id=\"4445882\" data-element_type=\"widget\" data-widget_type=\"aux_modern_heading.default\">\n\t\t\t\t<div class=\"elementor-widget-container\">\n\t\t\t<section class=\"aux-widget-modern-heading\">\n            <div class=\"aux-widget-inner\"><h2 class=\"aux-modern-heading-primary\">Pedi\u0161i\u0107 d.o.o.<\/h2><div class=\"aux-modern-heading-description\"><p>za ribarstvo i trgovinu<\/p><\/div><\/div>\n        <\/section>\t\t<\/div>\n\t\t\t\t<\/div>\n\t\t\t\t<div class=\"elementor-element elementor-element-4fb34ad aux-appear-watch-animation aux-fade-in-up-1 elementor-widget elementor-widget-aux_text\" data-id=\"4fb34ad\" data-element_type=\"widget\" data-widget_type=\"aux_text.default\">\n\t\t\t\t<div class=\"elementor-widget-container\">\n\t\t\t<section class=\"widget-container aux-widget-text aux-parent-aud548316e\">        <div class=\"aux-widget-advanced-text aux-wrap-style-simple aux-ico-pos-left aux-text-left aux-text-resp- aux-text-color-dark aux-text-widget-bg-center  \" >\n        \n                            <div class=\"aux-text-widget-header \"  >\n                        <div class=\"aux-ico-box aux-ico-large aux-img-box aux-ico-shape-default aux-ico-clear \">\n                                                                <img loading=\"lazy\" width=\"32\" height=\"32\" src=\"image\/gif;base64,R0lGODlhAQABAIAAAAAAAP\/\/\/yH5BAEAAAAALAAAAAABAAEAAAIBRAA7\" class=\"aux-attachment aux-featured-image aux-attachment-id-936 aux-preload aux-blank\" alt=\"contact-address\" data-ratio=\"1\" data-original-w=\"32\" data-src=\"https:\/\/www.ecofishing.com.hr\/wp-content\/uploads\/2023\/03\/contact-address.png\" \/>                                                    <\/div>\n                <\/div>\n            \n            <div class=\"aux-text-inner aux-text-widget-content\">\n                                <div class=\"widget-content\">\n                                        <p>Adresa: Banj, 23263 Banj, Hrvatska<\/p>                <\/div>\n                            <\/div>\n        <\/div>\n                    <div class=\"aux-text-widget-footer\">\n                <div class=\"aux-border-shape-none \">\n                                <\/div>\n            <\/div>\n        \n<\/section><!-- widget-container -->\t\t<\/div>\n\t\t\t\t<\/div>\n\t\t\t\t<div class=\"elementor-element elementor-element-1381947 aux-appear-watch-animation aux-fade-in-up-1 elementor-widget elementor-widget-aux_text\" data-id=\"1381947\" data-element_type=\"widget\" data-widget_type=\"aux_text.default\">\n\t\t\t\t<div class=\"elementor-widget-container\">\n\t\t\t<section class=\"widget-container aux-widget-text aux-parent-auffcfa6e6\">        <div class=\"aux-widget-advanced-text aux-wrap-style-simple aux-ico-pos-left aux-text-left aux-text-resp- aux-text-color-dark aux-text-widget-bg-center  \" >\n        \n                            <div class=\"aux-text-widget-header \"  >\n                        <div class=\"aux-ico-box aux-ico-large aux-img-box aux-ico-shape-default aux-ico-clear \">\n                                                                <img loading=\"lazy\" width=\"32\" height=\"32\" src=\"image\/gif;base64,R0lGODlhAQABAIAAAAAAAP\/\/\/yH5BAEAAAAALAAAAAABAAEAAAIBRAA7\" class=\"aux-attachment aux-featured-image aux-attachment-id-938 aux-preload aux-blank\" alt=\"contact-phone\" data-ratio=\"1\" data-original-w=\"32\" data-src=\"https:\/\/www.ecofishing.com.hr\/wp-content\/uploads\/2023\/03\/contact-phone.png\" \/>                                                    <\/div>\n                <\/div>\n            \n            <div class=\"aux-text-inner aux-text-widget-content\">\n                                <div class=\"widget-content\">\n                                        <p>Telefon: +385 (0)98 734 366<\/p>                <\/div>\n                            <\/div>\n        <\/div>\n                    <div class=\"aux-text-widget-footer\">\n                <div class=\"aux-border-shape-none \">\n                                <\/div>\n            <\/div>\n        \n<\/section><!-- widget-container -->\t\t<\/div>\n\t\t\t\t<\/div>\n\t\t\t\t<div class=\"elementor-element elementor-element-64e8478 aux-appear-watch-animation aux-fade-in-up-1 elementor-widget elementor-widget-aux_text\" data-id=\"64e8478\" data-element_type=\"widget\" data-widget_type=\"aux_text.default\">\n\t\t\t\t<div class=\"elementor-widget-container\">\n\t\t\t<section class=\"widget-container aux-widget-text aux-parent-au3efe1904\">        <div class=\"aux-widget-advanced-text aux-wrap-style-simple aux-ico-pos-left aux-text-left aux-text-resp- aux-text-color-dark aux-text-widget-bg-center  \" >\n        \n                            <div class=\"aux-text-widget-header \"  >\n                        <div class=\"aux-ico-box aux-ico-large aux-img-box aux-ico-shape-default aux-ico-clear \">\n                                                                <img loading=\"lazy\" width=\"32\" height=\"32\" src=\"image\/gif;base64,R0lGODlhAQABAIAAAAAAAP\/\/\/yH5BAEAAAAALAAAAAABAAEAAAIBRAA7\" class=\"aux-attachment aux-featured-image aux-attachment-id-940 aux-preload aux-blank\" alt=\"contact-email\" data-ratio=\"1\" data-original-w=\"32\" data-src=\"https:\/\/www.ecofishing.com.hr\/wp-content\/uploads\/2023\/03\/contact-email.png\" \/>                                                    <\/div>\n                <\/div>\n            \n            <div class=\"aux-text-inner aux-text-widget-content\">\n                                <div class=\"widget-content\">\n                                        <p>Email: <a href=\"mailto:info@ecofishing.com.hr\">info@ecofishing.com.hr<\/a><\/p>                <\/div>\n                            <\/div>\n        <\/div>\n                    <div class=\"aux-text-widget-footer\">\n                <div class=\"aux-border-shape-none \">\n                                <\/div>\n            <\/div>\n        \n<\/section><!-- widget-container -->\t\t<\/div>\n\t\t\t\t<\/div>\n\t\t\t\t\t\t<\/div>\n\t\t\t\t\t<\/div>\n\t\t<\/div>\n\t\t\t\t<div class=\"aux-parallax-section elementor-column elementor-col-50 elementor-top-column elementor-element elementor-element-70f9d78 aux-appear-watch-animation aux-scale-down\" data-id=\"70f9d78\" data-element_type=\"column\" data-settings=\"{&quot;background_background&quot;:&quot;classic&quot;}\">\n\t\t\t<div class=\"elementor-column-wrap elementor-element-populated\">\n\t\t\t\t\t<div class=\"elementor-background-overlay\"><\/div>\n\t\t\t\t\t\t\t<div class=\"elementor-widget-wrap\">\n\t\t\t\t\t\t<div class=\"elementor-element elementor-element-248893a elementor-widget elementor-widget-heading\" data-id=\"248893a\" data-element_type=\"widget\" data-widget_type=\"heading.default\">\n\t\t\t\t<div class=\"elementor-widget-container\">\n\t\t\t<p class=\"elementor-heading-title elementor-size-default\">Po\u0161aljite nam poruku<\/p>\t\t<\/div>\n\t\t\t\t<\/div>\n\t\t\t\t<div class=\"elementor-element elementor-element-e866ac7 elementor-widget elementor-widget-aux_contact_form\" data-id=\"e866ac7\" data-element_type=\"widget\" data-widget_type=\"aux_contact_form.default\">\n\t\t\t\t<div class=\"elementor-widget-container\">\n\t\t\t<section class=\"widget-container aux-widget-contact-form aux-parent-au542ce58a\">            <div class=\"aux-col-wrapper aux-no-gutter\">\n            <!-- @TODO - The output for element here -->\n\n            \n<div class=\"wpcf7 no-js\" id=\"wpcf7-f728-o1\" lang=\"en-US\" dir=\"ltr\">\n<div class=\"screen-reader-response\"><p role=\"status\" aria-live=\"polite\" aria-atomic=\"true\"><\/p> <ul><\/ul><\/div>\n<form action=\"\/hr\/wp-json\/wp\/v2\/pages\/1018#wpcf7-f728-o1\" method=\"post\" class=\"wpcf7-form init\" aria-label=\"Contact form\" novalidate=\"novalidate\" data-status=\"init\">\n<div style=\"display: none;\">\n<input type=\"hidden\" name=\"_wpcf7\" value=\"728\" \/>\n<input type=\"hidden\" name=\"_wpcf7_version\" value=\"5.7.4\" \/>\n<input type=\"hidden\" name=\"_wpcf7_locale\" value=\"en_US\" \/>\n<input type=\"hidden\" name=\"_wpcf7_unit_tag\" value=\"wpcf7-f728-o1\" \/>\n<input type=\"hidden\" name=\"_wpcf7_container_post\" value=\"0\" \/>\n<input type=\"hidden\" name=\"_wpcf7_posted_data_hash\" value=\"\" \/>\n<\/div>\n<p><label> <span class=\"wpcf7-form-control-wrap\" data-name=\"Name\"><input size=\"40\" class=\"wpcf7-form-control wpcf7-text\" aria-invalid=\"false\" placeholder=\"Ime\" value=\"\" type=\"text\" name=\"Name\" \/><\/span><\/label><br \/>\n<label><span class=\"wpcf7-form-control-wrap\" data-name=\"Email\"><input size=\"40\" class=\"wpcf7-form-control wpcf7-text wpcf7-email wpcf7-validates-as-email\" aria-invalid=\"false\" placeholder=\"Email\" value=\"\" type=\"email\" name=\"Email\" \/><\/span> <\/label><br \/>\n<label><span class=\"wpcf7-form-control-wrap\" data-name=\"Subject\"><input size=\"40\" class=\"wpcf7-form-control wpcf7-text\" aria-invalid=\"false\" placeholder=\"Predmet\" value=\"\" type=\"text\" name=\"Subject\" \/><\/span><\/label><br \/>\n<label><span class=\"wpcf7-form-control-wrap\" data-name=\"Message\"><textarea cols=\"40\" rows=\"10\" class=\"wpcf7-form-control wpcf7-textarea\" aria-invalid=\"false\" placeholder=\"Poruka\" name=\"Message\"><\/textarea><\/span> <\/label><br \/>\n<input class=\"wpcf7-form-control has-spinner wpcf7-submit\" type=\"submit\" value=\"Po\u0161alji\" \/>\n<\/p><div class=\"wpcf7-response-output\" aria-hidden=\"true\"><\/div>\n<\/form>\n<\/div>\n\n\n            <\/div><!-- aux-col-wrapper -->\n    <\/section><!-- widget-container -->\t\t<\/div>\n\t\t\t\t<\/div>\n\t\t\t\t\t\t<\/div>\n\t\t\t\t\t<\/div>\n\t\t<\/div>\n\t\t\t\t\t\t\t\t<\/div>\n\t\t\t\t\t<\/div>\n\t\t<\/section>\n\t\t\t\t\t\t\t\t\t<\/div>\n\t\t\t<\/div>\n\t\t\t\t\t<\/div>\n\t\t","protected":false},"excerpt":{"rendered":"<p>Pedi\u0161i\u0107 d.o.o. za ribarstvo i trgovinu Adresa: Banj, 23263 Banj, Hrvatska Telefon: +385 (0)98 734 366 Email: info@ecofishing.com.hr Po\u0161aljite nam poruku<\/p>\n","protected":false},"author":1,"featured_media":0,"parent":0,"menu_order":0,"comment_status":"closed","ping_status":"closed","template":"templates\/page-builder-content.php","meta":{"inline_featured_image":false},"yoast_head":"<!-- This site is optimized with the Yoast SEO plugin v19.13 - https:\/\/yoast.com\/wordpress\/plugins\/seo\/ -->\n<title>Kontakt - Eco Fishing - Pedi\u0161i\u0107 d.o.o.<\/title>\n<meta name=\"robots\" content=\"index, follow, max-snippet:-1, max-image-preview:large, max-video-preview:-1\" \/>\n<link rel=\"canonical\" href=\"https:\/\/www.ecofishing.com.hr\/hr\/contact\/\" \/>\n<meta property=\"og:locale\" content=\"hr_HR\" \/>\n<meta property=\"og:type\" content=\"article\" \/>\n<meta property=\"og:title\" content=\"Kontakt - Eco Fishing - Pedi\u0161i\u0107 d.o.o.\" \/>\n<meta property=\"og:description\" content=\"Pedi\u0161i\u0107 d.o.o. za ribarstvo i trgovinu Adresa: Banj, 23263 Banj, Hrvatska Telefon: +385 (0)98 734 366 Email: info@ecofishing.com.hr Po\u0161aljite nam poruku\" \/>\n<meta property=\"og:url\" content=\"https:\/\/www.ecofishing.com.hr\/hr\/contact\/\" \/>\n<meta property=\"og:site_name\" content=\"Eco Fishing - Pedi\u0161i\u0107 d.o.o.\" \/>\n<meta property=\"article:modified_time\" content=\"2023-03-17T16:54:58+00:00\" \/>\n<meta property=\"og:image\" content=\"https:\/\/www.ecofishing.com.hr\/wp-content\/uploads\/2023\/03\/about-us.webp\" \/>\n\t<meta property=\"og:image:width\" content=\"700\" \/>\n\t<meta property=\"og:image:height\" content=\"813\" \/>\n\t<meta property=\"og:image:type\" content=\"image\/webp\" \/>\n<meta name=\"twitter:card\" content=\"summary_large_image\" \/>\n<script type=\"application\/ld+json\" class=\"yoast-schema-graph\">{\"@context\":\"https:\/\/schema.org\",\"@graph\":[{\"@type\":\"WebPage\",\"@id\":\"https:\/\/www.ecofishing.com.hr\/hr\/contact\/\",\"url\":\"https:\/\/www.ecofishing.com.hr\/hr\/contact\/\",\"name\":\"Kontakt - Eco Fishing - Pedi\u0161i\u0107 d.o.o.\",\"isPartOf\":{\"@id\":\"https:\/\/www.ecofishing.com.hr\/#website\"},\"datePublished\":\"2019-10-08T06:36:59+00:00\",\"dateModified\":\"2023-03-17T16:54:58+00:00\",\"breadcrumb\":{\"@id\":\"https:\/\/www.ecofishing.com.hr\/hr\/contact\/#breadcrumb\"},\"inLanguage\":\"hr\",\"potentialAction\":[{\"@type\":\"ReadAction\",\"target\":[\"https:\/\/www.ecofishing.com.hr\/hr\/contact\/\"]}]},{\"@type\":\"BreadcrumbList\",\"@id\":\"https:\/\/www.ecofishing.com.hr\/hr\/contact\/#breadcrumb\",\"itemListElement\":[{\"@type\":\"ListItem\",\"position\":1,\"name\":\"Home\",\"item\":\"https:\/\/www.ecofishing.com.hr\/hr\/\"},{\"@type\":\"ListItem\",\"position\":2,\"name\":\"Kontakt\"}]},{\"@type\":\"WebSite\",\"@id\":\"https:\/\/www.ecofishing.com.hr\/#website\",\"url\":\"https:\/\/www.ecofishing.com.hr\/\",\"name\":\"Eco Fishing\",\"description\":\"\",\"publisher\":{\"@id\":\"https:\/\/www.ecofishing.com.hr\/#organization\"},\"potentialAction\":[{\"@type\":\"SearchAction\",\"target\":{\"@type\":\"EntryPoint\",\"urlTemplate\":\"https:\/\/www.ecofishing.com.hr\/?s={search_term_string}\"},\"query-input\":\"required name=search_term_string\"}],\"inLanguage\":\"hr\"},{\"@type\":\"Organization\",\"@id\":\"https:\/\/www.ecofishing.com.hr\/#organization\",\"name\":\"Pedi\u0161i\u0107 d.o.o.\",\"url\":\"https:\/\/www.ecofishing.com.hr\/\",\"logo\":{\"@type\":\"ImageObject\",\"inLanguage\":\"hr\",\"@id\":\"https:\/\/www.ecofishing.com.hr\/#\/schema\/logo\/image\/\",\"url\":\"https:\/\/www.ecofishing.com.hr\/wp-content\/uploads\/2023\/03\/logo2.svg\",\"contentUrl\":\"https:\/\/www.ecofishing.com.hr\/wp-content\/uploads\/2023\/03\/logo2.svg\",\"width\":53,\"height\":9,\"caption\":\"Pedi\u0161i\u0107 d.o.o.\"},\"image\":{\"@id\":\"https:\/\/www.ecofishing.com.hr\/#\/schema\/logo\/image\/\"}}]}<\/script>\n<!-- \/ Yoast SEO plugin. -->","yoast_head_json":{"title":"Kontakt - Eco Fishing - Pedi\u0161i\u0107 d.o.o.","robots":{"index":"index","follow":"follow","max-snippet":"max-snippet:-1","max-image-preview":"max-image-preview:large","max-video-preview":"max-video-preview:-1"},"canonical":"https:\/\/www.ecofishing.com.hr\/hr\/contact\/","og_locale":"hr_HR","og_type":"article","og_title":"Kontakt - Eco Fishing - Pedi\u0161i\u0107 d.o.o.","og_description":"Pedi\u0161i\u0107 d.o.o. za ribarstvo i trgovinu Adresa: Banj, 23263 Banj, Hrvatska Telefon: +385 (0)98 734 366 Email: info@ecofishing.com.hr Po\u0161aljite nam poruku","og_url":"https:\/\/www.ecofishing.com.hr\/hr\/contact\/","og_site_name":"Eco Fishing - Pedi\u0161i\u0107 d.o.o.","article_modified_time":"2023-03-17T16:54:58+00:00","og_image":[{"width":700,"height":813,"url":"https:\/\/www.ecofishing.com.hr\/wp-content\/uploads\/2023\/03\/about-us.webp","type":"image\/webp"}],"twitter_card":"summary_large_image","schema":{"@context":"https:\/\/schema.org","@graph":[{"@type":"WebPage","@id":"https:\/\/www.ecofishing.com.hr\/hr\/contact\/","url":"https:\/\/www.ecofishing.com.hr\/hr\/contact\/","name":"Kontakt - Eco Fishing - Pedi\u0161i\u0107 d.o.o.","isPartOf":{"@id":"https:\/\/www.ecofishing.com.hr\/#website"},"datePublished":"2019-10-08T06:36:59+00:00","dateModified":"2023-03-17T16:54:58+00:00","breadcrumb":{"@id":"https:\/\/www.ecofishing.com.hr\/hr\/contact\/#breadcrumb"},"inLanguage":"hr","potentialAction":[{"@type":"ReadAction","target":["https:\/\/www.ecofishing.com.hr\/hr\/contact\/"]}]},{"@type":"BreadcrumbList","@id":"https:\/\/www.ecofishing.com.hr\/hr\/contact\/#breadcrumb","itemListElement":[{"@type":"ListItem","position":1,"name":"Home","item":"https:\/\/www.ecofishing.com.hr\/hr\/"},{"@type":"ListItem","position":2,"name":"Kontakt"}]},{"@type":"WebSite","@id":"https:\/\/www.ecofishing.com.hr\/#website","url":"https:\/\/www.ecofishing.com.hr\/","name":"Eco Fishing","description":"","publisher":{"@id":"https:\/\/www.ecofishing.com.hr\/#organization"},"potentialAction":[{"@type":"SearchAction","target":{"@type":"EntryPoint","urlTemplate":"https:\/\/www.ecofishing.com.hr\/?s={search_term_string}"},"query-input":"required name=search_term_string"}],"inLanguage":"hr"},{"@type":"Organization","@id":"https:\/\/www.ecofishing.com.hr\/#organization","name":"Pedi\u0161i\u0107 d.o.o.","url":"https:\/\/www.ecofishing.com.hr\/","logo":{"@type":"ImageObject","inLanguage":"hr","@id":"https:\/\/www.ecofishing.com.hr\/#\/schema\/logo\/image\/","url":"https:\/\/www.ecofishing.com.hr\/wp-content\/uploads\/2023\/03\/logo2.svg","contentUrl":"https:\/\/www.ecofishing.com.hr\/wp-content\/uploads\/2023\/03\/logo2.svg","width":53,"height":9,"caption":"Pedi\u0161i\u0107 d.o.o."},"image":{"@id":"https:\/\/www.ecofishing.com.hr\/#\/schema\/logo\/image\/"}}]}},"_links":{"self":[{"href":"https:\/\/www.ecofishing.com.hr\/hr\/wp-json\/wp\/v2\/pages\/1018"}],"collection":[{"href":"https:\/\/www.ecofishing.com.hr\/hr\/wp-json\/wp\/v2\/pages"}],"about":[{"href":"https:\/\/www.ecofishing.com.hr\/hr\/wp-json\/wp\/v2\/types\/page"}],"author":[{"embeddable":true,"href":"https:\/\/www.ecofishing.com.hr\/hr\/wp-json\/wp\/v2\/users\/1"}],"replies":[{"embeddable":true,"href":"https:\/\/www.ecofishing.com.hr\/hr\/wp-json\/wp\/v2\/comments?post=1018"}],"version-history":[{"count":0,"href":"https:\/\/www.ecofishing.com.hr\/hr\/wp-json\/wp\/v2\/pages\/1018\/revisions"}],"wp:attachment":[{"href":"https:\/\/www.ecofishing.com.hr\/hr\/wp-json\/wp\/v2\/media?parent=1018"}],"curies":[{"name":"wp","href":"https:\/\/api.w.org\/{rel}","templated":true}]}}